{"id":10,"date":"2018-11-26T22:19:27","date_gmt":"2018-11-26T21:19:27","guid":{"rendered":"http:\/\/branisko.villanet.sk\/?page_id=10"},"modified":"2018-11-26T22:52:41","modified_gmt":"2018-11-26T21:52:41","slug":"kontakt","status":"publish","type":"page","link":"https:\/\/branisko.villanet.sk\/?page_id=10","title":{"rendered":"Kontakt"},"content":{"rendered":"<p>OZ Pohorie Branisko<br \/>\n\u010capajevova 14<br \/>\n080 01 Pre\u0161ov<br \/>\nSlovensk\u00e1 republika<\/p>\n","protected":false},"excerpt":{"rendered":"<p>OZ Pohorie Branisko \u010capajevova 14 080 01 Pre\u0161ov Slovensk\u00e1 republika<\/p>\n","protected":false},"author":1,"featured_media":5,"parent":0,"menu_order":0,"comment_status":"closed","ping_status":"closed","template":"","meta":{"footnotes":""},"class_list":["post-10","page","type-page","status-publish","has-post-thumbnail","hentry"],"_links":{"self":[{"href":"https:\/\/branisko.villanet.sk\/index.php?rest_route=\/wp\/v2\/pages\/10","targetHints":{"allow":["GET"]}}],"collection":[{"href":"https:\/\/branisko.villanet.sk\/index.php?rest_route=\/wp\/v2\/pages"}],"about":[{"href":"https:\/\/branisko.villanet.sk\/index.php?rest_route=\/wp\/v2\/types\/page"}],"author":[{"embeddable":true,"href":"https:\/\/branisko.villanet.sk\/index.php?rest_route=\/wp\/v2\/users\/1"}],"replies":[{"embeddable":true,"href":"https:\/\/branisko.villanet.sk\/index.php?rest_route=%2Fwp%2Fv2%2Fcomments&post=10"}],"version-history":[{"count":3,"href":"https:\/\/branisko.villanet.sk\/index.php?rest_route=\/wp\/v2\/pages\/10\/revisions"}],"predecessor-version":[{"id":44,"href":"https:\/\/branisko.villanet.sk\/index.php?rest_route=\/wp\/v2\/pages\/10\/revisions\/44"}],"wp:featuredmedia":[{"embeddable":true,"href":"https:\/\/branisko.villanet.sk\/index.php?rest_route=\/wp\/v2\/media\/5"}],"wp:attachment":[{"href":"https:\/\/branisko.villanet.sk\/index.php?rest_route=%2Fwp%2Fv2%2Fmedia&parent=10"}],"curies":[{"name":"wp","href":"https:\/\/api.w.org\/{rel}","templated":true}]}}